{"id":7838,"date":"2024-09-27T19:41:58","date_gmt":"2024-09-27T19:41:58","guid":{"rendered":"https:\/\/shihabtravels.com\/forms\/?page_id=7838"},"modified":"2024-09-27T19:49:01","modified_gmt":"2024-09-27T19:49:01","slug":"package-form-8","status":"publish","type":"page","link":"https:\/\/shihabtravels.com\/forms\/package-form-8\/","title":{"rendered":"Enchanted Cappadocia: Hot Air Balloon"},"content":{"rendered":"\t\t<div data-elementor-type=\"wp-page\" data-elementor-id=\"7838\" class=\"elementor elementor-7838\" data-elementor-post-type=\"page\">\n\t\t\t\t<div class=\"elementor-element elementor-element-4843911f e-flex e-con-boxed e-con e-parent\" data-id=\"4843911f\" data-element_type=\"container\" data-settings=\"{&quot;background_background&quot;:&quot;classic&quot;}\">\n\t\t\t\t\t<div class=\"e-con-inner\">\n\t\t<div class=\"elementor-element elementor-element-3b24b032 e-flex e-con-boxed e-con e-child\" data-id=\"3b24b032\" data-element_type=\"container\">\n\t\t\t\t\t<div class=\"e-con-inner\">\n\t\t\t\t<div class=\"elementor-element elementor-element-21a0a5c8 elementor-widget elementor-widget-travolosectiontitle\" data-id=\"21a0a5c8\" data-element_type=\"widget\" data-widget_type=\"travolosectiontitle.default\">\n\t\t\t\t<div class=\"elementor-widget-container\">\n\t\t\t\t\t<!-- Section Title --><div class=\"title-area\" ><span class=\"sec-subtitle\">Booking Form<\/span><h1 class=\"sec-title title-selector\">Request This Tour Package<\/h1><p class=\"sec-text\">We're here to help you book through this form. Please fill out the form to send a booking request for the tour package.<\/p><\/div><!-- End Section Title -->\t\t\t\t<\/div>\n\t\t\t\t<\/div>\n\t\t\t\t\t<\/div>\n\t\t\t\t<\/div>\n\t\t<div class=\"elementor-element elementor-element-4280653d e-con-full e-flex e-con e-child\" data-id=\"4280653d\" data-element_type=\"container\">\n\t\t\t\t<div class=\"elementor-element elementor-element-7a3f2511 elementor-widget elementor-widget-shortcode\" data-id=\"7a3f2511\" data-element_type=\"widget\" data-widget_type=\"shortcode.default\">\n\t\t\t\t<div class=\"elementor-widget-container\">\n\t\t\t\t\t\t\t<div class=\"elementor-shortcode\">\n<div class=\"wpcf7 no-js\" id=\"wpcf7-f7840-o1\" lang=\"en-US\" dir=\"ltr\" data-wpcf7-id=\"7840\">\n<div class=\"screen-reader-response\"><p role=\"status\" aria-live=\"polite\" aria-atomic=\"true\"><\/p> <ul><\/ul><\/div>\n<form action=\"\/forms\/wp-json\/wp\/v2\/pages\/7838#wpcf7-f7840-o1\" method=\"post\" class=\"wpcf7-form init\" aria-label=\"Contact form\" novalidate=\"novalidate\" data-status=\"init\">\n<div style=\"display: none;\">\n<input type=\"hidden\" name=\"_wpcf7\" value=\"7840\" \/>\n<input type=\"hidden\" name=\"_wpcf7_version\" value=\"6.0.6\" \/>\n<input type=\"hidden\" name=\"_wpcf7_locale\" value=\"en_US\" \/>\n<input type=\"hidden\" name=\"_wpcf7_unit_tag\" value=\"wpcf7-f7840-o1\" \/>\n<input type=\"hidden\" name=\"_wpcf7_container_post\" value=\"0\" \/>\n<input type=\"hidden\" name=\"_wpcf7_posted_data_hash\" value=\"\" \/>\n<input type=\"hidden\" name=\"_wpcf7_recaptcha_response\" value=\"\" \/>\n<\/div>\n<div class=\"row justify-content-center\">\n  <div class=\"col-md-6 form-group\">\n    <label for=\"fname\">First Name <\/label>\n    <span class=\"wpcf7-form-control-wrap\" data-name=\"first-name\"><input size=\"40\" maxlength=\"400\" class=\"wpcf7-form-control wpcf7-text wpcf7-validates-as-required\" id=\"fname\" aria-required=\"true\" aria-invalid=\"false\" placeholder=\"Enter Your First Name\" value=\"\" type=\"text\" name=\"first-name\" \/><\/span>\n  <\/div>\n  <div class=\"col-md-6 form-group\">\n    <label for=\"lname\">Last Name <\/label>\n    <span class=\"wpcf7-form-control-wrap\" data-name=\"last-name\"><input size=\"40\" maxlength=\"400\" class=\"wpcf7-form-control wpcf7-text wpcf7-validates-as-required\" id=\"lname\" aria-required=\"true\" aria-invalid=\"false\" placeholder=\"Enter Your Last Name\" value=\"\" type=\"text\" name=\"last-name\" \/><\/span>\n  <\/div>\n  <div class=\"col-md-6 form-group\">\n    <label for=\"email\">Email <\/label>\n    <span class=\"wpcf7-form-control-wrap\" data-name=\"email\"><input size=\"40\" maxlength=\"400\" class=\"wpcf7-form-control wpcf7-email wpcf7-validates-as-required wpcf7-text wpcf7-validates-as-email\" id=\"email\" aria-required=\"true\" aria-invalid=\"false\" placeholder=\"Your Email\" value=\"\" type=\"email\" name=\"email\" \/><\/span>\n  <\/div>\n  <div class=\"col-md-6 form-group\">\n    <label for=\"email\">Confirm Email <\/label>\n    <span class=\"wpcf7-form-control-wrap\" data-name=\"confirm-email\"><input size=\"40\" maxlength=\"400\" class=\"wpcf7-form-control wpcf7-email wpcf7-validates-as-required wpcf7-text wpcf7-validates-as-email\" aria-required=\"true\" aria-invalid=\"false\" placeholder=\"Confirm Your Email\" value=\"\" type=\"email\" name=\"confirm-email\" \/><\/span>\n  <\/div>\n  <div class=\"col-md-6 form-group\">\n    <label for=\"phone\">Phone No<\/label>\n    <span class=\"wpcf7-form-control-wrap\" data-name=\"number\"><input size=\"40\" maxlength=\"400\" class=\"wpcf7-form-control wpcf7-tel wpcf7-validates-as-required wpcf7-text wpcf7-validates-as-tel\" id=\"phone\" aria-required=\"true\" aria-invalid=\"false\" placeholder=\"Phone No\" value=\"\" type=\"tel\" name=\"number\" \/><\/span>\n  <\/div>\n  <div class=\"col-md-6 form-group\">\n    <label for=\"ContactPre\">Preferred Contact Method <\/label>\n    <span class=\"wpcf7-form-control-wrap\" data-name=\"contact-pref\"><select class=\"wpcf7-form-control wpcf7-select wpcf7-validates-as-required\" id=\"ContactPre\" aria-required=\"true\" aria-invalid=\"false\" name=\"contact-pref\"><option value=\"\">&#8212;Please choose an option&#8212;<\/option><option value=\"WhatsApp\">WhatsApp<\/option><option value=\"Email\">Email<\/option><option value=\"Phone\">Phone<\/option><\/select><\/span>\n  <\/div>\n  <div class=\"form-group col-12\">\n    <label for=\"package-name\">Name of the Package you wish to book<\/label>\n    <span class=\"wpcf7-form-control-wrap\" data-name=\"package-name\"><select class=\"wpcf7-form-control wpcf7-select\" id=\"package-name\" aria-invalid=\"false\" name=\"package-name\"><option value=\"Enchanted Cappadocia: Hot Air Balloon\">Enchanted Cappadocia: Hot Air Balloon<\/option><\/select><\/span>\n  <\/div>\n\n  <div class=\"col-md-6 form-group\">\n    <label for=\"preferred-start-date\">Preferred Start Date:<\/label>\n    <span class=\"wpcf7-form-control-wrap\" data-name=\"preferred-start-date\"><input class=\"wpcf7-form-control wpcf7-date wpcf7-validates-as-required wpcf7-validates-as-date\" id=\"PreferredStartDate\" min=\"2024-10-01\" max=\"2025-12-31\" aria-required=\"true\" aria-invalid=\"false\" placeholder=\"Preferred Start Date:\" value=\"\" type=\"date\" name=\"preferred-start-date\" \/><\/span>\n  <\/div>\n  <div class=\"col-md-6 form-group\">\n    <label for=\"preferred-end-date\">Preferred End Date:<\/label>\n    <span class=\"wpcf7-form-control-wrap\" data-name=\"preferred-end-date\"><input class=\"wpcf7-form-control wpcf7-date wpcf7-validates-as-required wpcf7-validates-as-date\" id=\"PreferredEndDate\" min=\"2024-10-01\" max=\"2025-12-31\" aria-required=\"true\" aria-invalid=\"false\" placeholder=\"Preferred End Date:\" value=\"\" type=\"date\" name=\"preferred-end-date\" \/><\/span>\n  <\/div>\n\n  <div class=\"form-group col-12\">\n    <label for=\"message\">Message <\/label>\n    <span class=\"wpcf7-form-control-wrap\" data-name=\"message\"><textarea cols=\"40\" rows=\"10\" maxlength=\"2000\" class=\"wpcf7-form-control wpcf7-textarea\" id=\"message\" aria-invalid=\"false\" placeholder=\"Write Your Comment\/Any specific requests or notes you have\" name=\"message\"><\/textarea><\/span>\n  <\/div>\n  \n  <div class=\"col-md-auto\">\n    <button type=\"submit\" class=\"vs-btn style4\">Send Booking Request<\/button>\n  <\/div>\n<\/div><div class=\"wpcf7-response-output\" aria-hidden=\"true\"><\/div>\n<\/form>\n<\/div>\n<\/div>\n\t\t\t\t\t\t<\/div>\n\t\t\t\t<\/div>\n\t\t\t\t<\/div>\n\t\t\t\t\t<\/div>\n\t\t\t\t<\/div>\n\t\t<div class=\"elementor-element elementor-element-5268972f e-con-full e-flex e-con e-parent\" data-id=\"5268972f\" data-element_type=\"container\" data-settings=\"{&quot;background_background&quot;:&quot;classic&quot;}\">\n\t\t<div class=\"elementor-element elementor-element-15dc0dd4 e-flex e-con-boxed e-con e-child\" data-id=\"15dc0dd4\" data-element_type=\"container\">\n\t\t\t\t\t<div class=\"e-con-inner\">\n\t\t<div class=\"elementor-element elementor-element-8f9f70d e-flex e-con-boxed e-con e-child\" data-id=\"8f9f70d\" data-element_type=\"container\" data-settings=\"{&quot;background_background&quot;:&quot;classic&quot;}\">\n\t\t\t\t\t<div class=\"e-con-inner\">\n\t\t<div class=\"elementor-element elementor-element-726d940 e-con-full e-flex e-con e-child\" data-id=\"726d940\" data-element_type=\"container\">\n\t\t\t\t<div class=\"elementor-element elementor-element-4c507a2f elementor-widget elementor-widget-travolocontactbox\" data-id=\"4c507a2f\" data-element_type=\"widget\" data-widget_type=\"travolocontactbox.default\">\n\t\t\t\t<div class=\"elementor-widget-container\">\n\t\t\t\t\t        <div class=\"contact-box\">\n                            <div class=\"contact-box_icon\">\n                    <i class=\"fas fa-map-marked-alt\"><\/i>\n                <\/div>\n                        \n                            <h3 class=\"contact-box__title h5\">\n                    Address                <\/h3>\n            \n                            \n                <p class=\"contact-box__text\">\u0130skender pa\u015fa mahallesi simit\u00e7i \u015fakir sokak no:10\/ kat :1 fatih\/ \u0130stanbul<\/p>              \n                    <\/div>\n        \t\t\t\t<\/div>\n\t\t\t\t<\/div>\n\t\t\t\t<\/div>\n\t\t<div class=\"elementor-element elementor-element-4955f80c e-con-full e-flex e-con e-child\" data-id=\"4955f80c\" data-element_type=\"container\">\n\t\t\t\t<div class=\"elementor-element elementor-element-167fc896 elementor-widget elementor-widget-travolocontactbox\" data-id=\"167fc896\" data-element_type=\"widget\" data-widget_type=\"travolocontactbox.default\">\n\t\t\t\t<div class=\"elementor-widget-container\">\n\t\t\t\t\t        <div class=\"contact-box\">\n                            <div class=\"contact-box_icon\">\n                    <i class=\"fas fa-address-card\"><\/i>\n                <\/div>\n                        \n                            <h3 class=\"contact-box__title h5\">\n                    Contact                <\/h3>\n            \n                            \n                <ul class=\"contact-box_list\"><li>Mobile: <a href=\"tel:+905071837816\">+90 507 183 78 16<\/a><\/li><li>Hotline: <a href=\"+905550876102\">+90 555 087 61 02<\/a><\/li><\/ul>              \n                    <\/div>\n        \t\t\t\t<\/div>\n\t\t\t\t<\/div>\n\t\t\t\t<\/div>\n\t\t<div class=\"elementor-element elementor-element-557bd661 e-con-full e-flex e-con e-child\" data-id=\"557bd661\" data-element_type=\"container\">\n\t\t\t\t<div class=\"elementor-element elementor-element-7905014 elementor-widget elementor-widget-travolocontactbox\" data-id=\"7905014\" data-element_type=\"widget\" data-widget_type=\"travolocontactbox.default\">\n\t\t\t\t<div class=\"elementor-widget-container\">\n\t\t\t\t\t        <div class=\"contact-box\">\n                            <div class=\"contact-box_icon\">\n                    <i class=\"fas fa-clock\"><\/i>\n                <\/div>\n                        \n                            <h3 class=\"contact-box__title h5\">\n                    Office Hour                <\/h3>\n            \n                            \n                <ul class=\"contact-box_list\">\n                <li>Monday - Friday: 8:30 - 20:00<\/li>\n                <li>Saturday &amp; Sunday: 9:30 - 21:30<\/li>\n              <\/ul>              \n                    <\/div>\n        \t\t\t\t<\/div>\n\t\t\t\t<\/div>\n\t\t\t\t<\/div>\n\t\t\t\t\t<\/div>\n\t\t\t\t<\/div>\n\t\t\t\t\t<\/div>\n\t\t\t\t<\/div>\n\t\t\t\t<\/div>\n\t\t\t\t<\/div>\n\t\t","protected":false},"excerpt":{"rendered":"<p>Booking Form Request This Tour Package We&#8217;re here to help you book through this form. Please fill out the form to send a booking request for the tour package. Address \u0130skender pa\u015fa mahallesi simit\u00e7i \u015fakir sokak no:10\/ kat :1 fatih\/ \u0130stanbul Contact Mobile: +90 507 183 78 16 Hotline: +90 555 087 61 02 Office&#8230;<\/p>\n","protected":false},"author":1,"featured_media":0,"parent":0,"menu_order":0,"comment_status":"closed","ping_status":"closed","template":"elementor_header_footer","meta":{"footnotes":""},"class_list":["post-7838","page","type-page","status-publish","hentry"],"_links":{"self":[{"href":"https:\/\/shihabtravels.com\/forms\/wp-json\/wp\/v2\/pages\/7838","targetHints":{"allow":["GET"]}}],"collection":[{"href":"https:\/\/shihabtravels.com\/forms\/wp-json\/wp\/v2\/pages"}],"about":[{"href":"https:\/\/shihabtravels.com\/forms\/wp-json\/wp\/v2\/types\/page"}],"author":[{"embeddable":true,"href":"https:\/\/shihabtravels.com\/forms\/wp-json\/wp\/v2\/users\/1"}],"replies":[{"embeddable":true,"href":"https:\/\/shihabtravels.com\/forms\/wp-json\/wp\/v2\/comments?post=7838"}],"version-history":[{"count":4,"href":"https:\/\/shihabtravels.com\/forms\/wp-json\/wp\/v2\/pages\/7838\/revisions"}],"predecessor-version":[{"id":7843,"href":"https:\/\/shihabtravels.com\/forms\/wp-json\/wp\/v2\/pages\/7838\/revisions\/7843"}],"wp:attachment":[{"href":"https:\/\/shihabtravels.com\/forms\/wp-json\/wp\/v2\/media?parent=7838"}],"curies":[{"name":"wp","href":"https:\/\/api.w.org\/{rel}","templated":true}]}}